{"id":100,"date":"2015-08-06T14:44:10","date_gmt":"2015-08-06T12:44:10","guid":{"rendered":"http:\/\/sicilybikeroutes.com\/cms\/?page_id=100"},"modified":"2016-02-25T11:21:21","modified_gmt":"2016-02-25T10:21:21","slug":"wine-oil-and-cheese","status":"publish","type":"page","link":"https:\/\/www.sicilybikeroutes.com\/it\/itinerario-2\/","title":{"rendered":"Vino, olio e formaggio"},"content":{"rendered":"Questo itinerario vi permetter\u00e0 di scoprire tutti gli elementi caratteristici del territorio ibleo: il blu del mare, il bianco delle carrarecce che collegano i vecchi casali nelle vallate, i toni bruni della terra, il verde delle coltivazioni e il giallo intenso dei campi di grano. Numerose le impressioni da cogliere: le sfumature architettoniche delle chiese e dei campanili del centro storico di Ispica che creano entusiasmo sin dall&#8217;inizio, le tradizionali e secolari presenze arboree del carrubo e dell&#8217;ulivo fra la rete dei muri a secco che si estendono per tutta l&#8217;area e oltre; intorno a voi il silenzio e la tranquillit\u00e0 dati da una natura antropizzata, ma non invasa dalla presenza umana.<\/p>\n<p><strong>Tappa 1: Anello dell\u2019agro di Ispica\u00a0<\/strong><\/p>\n<p>In sella per un tratto dai bellissimi scenari rurali su una strada con sali e scendi dolci e brevi, poco trafficata.<\/p>\n<p>La \u201cvariante delle cantine\u201d si snoda fra filari di viti per Contrada Buonivini, importante area vinicola del sud-est.<\/p>\n<p>Una piccola sosta vi permetter\u00e0 di conoscere le spiagge di Granelli o di Porto Ulisse, il Pantano Longarini e la linea costiera fino a Capo Ciriga.<\/p>\n<p>Si torna infine verso l&#8217;interno in direzione di Ispica.<\/p>\n<p><strong>Tappa 2:\u00a0Formaggi e Cava d\u2019Ispica\u00a0<\/strong><\/p>\n<p>Questa tappa attraversa una campagna pi\u00f9 spoglia, destinata al bestiame e costellata da piccole aziende a conduzione familiare che danno idea della laboriosit\u00e0 e dedizione all&#8217;attivit\u00e0 agricola.<\/p>\n<p>Al km 9,7 chi vuole ancora pedalare sceglier\u00e0 fra \u201cla variante del formaggio&#8221; e la &#8220;variante delle antiche ville nobiliari&#8221;, entrambe ad anello; in alternativa sar\u00e0 possibile raggiungere la fine della tappa, a Cava d&#8217;Ispica.<\/p>\n<p><strong>Tappa 3:\u00a0La vivace scena agricola dell\u2019altopiano ibleo <\/strong><\/p>\n<p>Anche in questo caso si tratta di un itinerario ad anello.<\/p>\n<p>La ciclovia vi permetter\u00e0 di raggiungere diversi luoghi naturalistici quali\u00a0la valle del Tellaro e poco pi\u00f9 avanti Cava Paradiso, inoltre con una piccola\u00a0deviazione si raggiunger\u00e0 la zona degli ALBERI MONUMENTALI, carrubi e ulivi secolari.<\/p>\n<p>La tappa si presenta pi\u00f9 adatta al ciclista allenato, se la si percorre nella sua interezza, ma \u00e8 interessante per chi vuole percorrere pochi km e scegliere uno degli agriturismi lungo il percorso.<\/p>\n<p>&nbsp;<\/p>\n<p>&nbsp;<\/p>\n<p>&nbsp;<\/p>\n<p>&nbsp;<\/p>\n<p>&nbsp;","protected":false},"excerpt":{"rendered":"<p>Questo itinerario vi permetter\u00e0 di scoprire tutti gli elementi caratteristici del territorio ibleo: il blu del mare, il bianco delle carrarecce che collegano i vecchi casali nelle vallate, i toni bruni della terra, il verde delle coltivazioni e il giallo intenso dei campi di grano. Numerose le impressioni da cogliere: le sfumature architettoniche delle chiese&hellip; <a class=\"read-more\" href=\"https:\/\/www.sicilybikeroutes.com\/it\/itinerario-2\/\">Read More<\/a><\/p>\n","protected":false},"author":7,"featured_media":893,"parent":0,"menu_order":2,"comment_status":"closed","ping_status":"closed","template":"page-templates\/content-mainroute.php","meta":{"_acf_changed":false,"_monsterinsights_skip_tracking":false,"_monsterinsights_sitenote_active":false,"_monsterinsights_sitenote_note":"","_monsterinsights_sitenote_category":0,"footnotes":""},"tags":[31],"class_list":["post-100","page","type-page","status-publish","has-post-thumbnail","hentry","tag-mainroute2"],"acf":[],"yoast_head":"<!-- This site is optimized with the Yoast SEO plugin v26.9 - https:\/\/yoast.com\/product\/yoast-seo-wordpress\/ -->\n<title>Discovering Hyblaean Wine, Oil, &amp; Cheese by bike<\/title>\n<meta name=\"description\" content=\"Discover hyblaean wine, oil, cheese and other typical Sicilian foods by bike with this itinerary based on one of tne most beautiful corner of southern Sicily\" \/>\n<meta name=\"robots\" content=\"index, follow, max-snippet:-1, max-image-preview:large, max-video-preview:-1\" \/>\n<link rel=\"canonical\" href=\"https:\/\/www.sicilybikeroutes.com\/main-route-2\/\" \/>\n<meta property=\"og:locale\" content=\"it_IT\" \/>\n<meta property=\"og:type\" content=\"article\" \/>\n<meta property=\"og:title\" content=\"Discovering Hyblaean Wine, Oil, &amp; Cheese by bike\" \/>\n<meta property=\"og:description\" content=\"Discover hyblaean wine, oil, cheese and other typical Sicilian foods by bike with this itinerary based on one of tne most beautiful corner of southern Sicily\" \/>\n<meta property=\"og:url\" content=\"https:\/\/www.sicilybikeroutes.com\/main-route-2\/\" \/>\n<meta property=\"og:site_name\" content=\"Sicily Bike Routes\" \/>\n<meta property=\"article:modified_time\" content=\"2016-02-25T10:21:21+00:00\" \/>\n<meta property=\"og:image\" content=\"https:\/\/www.sicilybikeroutes.com\/wp-content\/uploads\/sicilybikeroutes-hd-376-1024x539.jpg\" \/>\n\t<meta property=\"og:image:width\" content=\"1024\" \/>\n\t<meta property=\"og:image:height\" content=\"539\" \/>\n\t<meta property=\"og:image:type\" content=\"image\/jpeg\" \/>\n<meta name=\"twitter:card\" content=\"summary_large_image\" \/>\n<meta name=\"twitter:label1\" content=\"Tempo di lettura stimato\" \/>\n\t<meta name=\"twitter:data1\" content=\"3 minuti\" \/>\n<script type=\"application\/ld+json\" class=\"yoast-schema-graph\">{\"@context\":\"https:\/\/schema.org\",\"@graph\":[{\"@type\":\"WebPage\",\"@id\":\"https:\/\/www.sicilybikeroutes.com\/main-route-2\/\",\"url\":\"https:\/\/www.sicilybikeroutes.com\/main-route-2\/\",\"name\":\"Discovering Hyblaean Wine, Oil, & Cheese by bike\",\"isPartOf\":{\"@id\":\"https:\/\/www.sicilybikeroutes.com\/#website\"},\"primaryImageOfPage\":{\"@id\":\"https:\/\/www.sicilybikeroutes.com\/main-route-2\/#primaryimage\"},\"image\":{\"@id\":\"https:\/\/www.sicilybikeroutes.com\/main-route-2\/#primaryimage\"},\"thumbnailUrl\":\"https:\/\/i0.wp.com\/www.sicilybikeroutes.com\/wp-content\/uploads\/sicilybikeroutes-hd-376.jpg?fit=5472%2C2882&ssl=1\",\"datePublished\":\"2015-08-06T12:44:10+00:00\",\"dateModified\":\"2016-02-25T10:21:21+00:00\",\"description\":\"Discover hyblaean wine, oil, cheese and other typical Sicilian foods by bike with this itinerary based on one of tne most beautiful corner of southern Sicily\",\"breadcrumb\":{\"@id\":\"https:\/\/www.sicilybikeroutes.com\/main-route-2\/#breadcrumb\"},\"inLanguage\":\"it-IT\",\"potentialAction\":[{\"@type\":\"ReadAction\",\"target\":[\"https:\/\/www.sicilybikeroutes.com\/main-route-2\/\"]}]},{\"@type\":\"ImageObject\",\"inLanguage\":\"it-IT\",\"@id\":\"https:\/\/www.sicilybikeroutes.com\/main-route-2\/#primaryimage\",\"url\":\"https:\/\/i0.wp.com\/www.sicilybikeroutes.com\/wp-content\/uploads\/sicilybikeroutes-hd-376.jpg?fit=5472%2C2882&ssl=1\",\"contentUrl\":\"https:\/\/i0.wp.com\/www.sicilybikeroutes.com\/wp-content\/uploads\/sicilybikeroutes-hd-376.jpg?fit=5472%2C2882&ssl=1\",\"width\":5472,\"height\":2882},{\"@type\":\"BreadcrumbList\",\"@id\":\"https:\/\/www.sicilybikeroutes.com\/main-route-2\/#breadcrumb\",\"itemListElement\":[{\"@type\":\"ListItem\",\"position\":1,\"name\":\"Home\",\"item\":\"https:\/\/www.sicilybikeroutes.com\/\"},{\"@type\":\"ListItem\",\"position\":2,\"name\":\"Wine, oil and cheese\"}]},{\"@type\":\"WebSite\",\"@id\":\"https:\/\/www.sicilybikeroutes.com\/#website\",\"url\":\"https:\/\/www.sicilybikeroutes.com\/\",\"name\":\"Sicily Bike Routes\",\"description\":\"\",\"potentialAction\":[{\"@type\":\"SearchAction\",\"target\":{\"@type\":\"EntryPoint\",\"urlTemplate\":\"https:\/\/www.sicilybikeroutes.com\/?s={search_term_string}\"},\"query-input\":{\"@type\":\"PropertyValueSpecification\",\"valueRequired\":true,\"valueName\":\"search_term_string\"}}],\"inLanguage\":\"it-IT\"}]}<\/script>\n<!-- \/ Yoast SEO plugin. -->","yoast_head_json":{"title":"Discovering Hyblaean Wine, Oil, & Cheese by bike","description":"Discover hyblaean wine, oil, cheese and other typical Sicilian foods by bike with this itinerary based on one of tne most beautiful corner of southern Sicily","robots":{"index":"index","follow":"follow","max-snippet":"max-snippet:-1","max-image-preview":"max-image-preview:large","max-video-preview":"max-video-preview:-1"},"canonical":"https:\/\/www.sicilybikeroutes.com\/main-route-2\/","og_locale":"it_IT","og_type":"article","og_title":"Discovering Hyblaean Wine, Oil, & Cheese by bike","og_description":"Discover hyblaean wine, oil, cheese and other typical Sicilian foods by bike with this itinerary based on one of tne most beautiful corner of southern Sicily","og_url":"https:\/\/www.sicilybikeroutes.com\/main-route-2\/","og_site_name":"Sicily Bike Routes","article_modified_time":"2016-02-25T10:21:21+00:00","og_image":[{"width":1024,"height":539,"url":"https:\/\/www.sicilybikeroutes.com\/wp-content\/uploads\/sicilybikeroutes-hd-376-1024x539.jpg","type":"image\/jpeg"}],"twitter_card":"summary_large_image","twitter_misc":{"Tempo di lettura stimato":"3 minuti"},"schema":{"@context":"https:\/\/schema.org","@graph":[{"@type":"WebPage","@id":"https:\/\/www.sicilybikeroutes.com\/main-route-2\/","url":"https:\/\/www.sicilybikeroutes.com\/main-route-2\/","name":"Discovering Hyblaean Wine, Oil, & Cheese by bike","isPartOf":{"@id":"https:\/\/www.sicilybikeroutes.com\/#website"},"primaryImageOfPage":{"@id":"https:\/\/www.sicilybikeroutes.com\/main-route-2\/#primaryimage"},"image":{"@id":"https:\/\/www.sicilybikeroutes.com\/main-route-2\/#primaryimage"},"thumbnailUrl":"https:\/\/i0.wp.com\/www.sicilybikeroutes.com\/wp-content\/uploads\/sicilybikeroutes-hd-376.jpg?fit=5472%2C2882&ssl=1","datePublished":"2015-08-06T12:44:10+00:00","dateModified":"2016-02-25T10:21:21+00:00","description":"Discover hyblaean wine, oil, cheese and other typical Sicilian foods by bike with this itinerary based on one of tne most beautiful corner of southern Sicily","breadcrumb":{"@id":"https:\/\/www.sicilybikeroutes.com\/main-route-2\/#breadcrumb"},"inLanguage":"it-IT","potentialAction":[{"@type":"ReadAction","target":["https:\/\/www.sicilybikeroutes.com\/main-route-2\/"]}]},{"@type":"ImageObject","inLanguage":"it-IT","@id":"https:\/\/www.sicilybikeroutes.com\/main-route-2\/#primaryimage","url":"https:\/\/i0.wp.com\/www.sicilybikeroutes.com\/wp-content\/uploads\/sicilybikeroutes-hd-376.jpg?fit=5472%2C2882&ssl=1","contentUrl":"https:\/\/i0.wp.com\/www.sicilybikeroutes.com\/wp-content\/uploads\/sicilybikeroutes-hd-376.jpg?fit=5472%2C2882&ssl=1","width":5472,"height":2882},{"@type":"BreadcrumbList","@id":"https:\/\/www.sicilybikeroutes.com\/main-route-2\/#breadcrumb","itemListElement":[{"@type":"ListItem","position":1,"name":"Home","item":"https:\/\/www.sicilybikeroutes.com\/"},{"@type":"ListItem","position":2,"name":"Wine, oil and cheese"}]},{"@type":"WebSite","@id":"https:\/\/www.sicilybikeroutes.com\/#website","url":"https:\/\/www.sicilybikeroutes.com\/","name":"Sicily Bike Routes","description":"","potentialAction":[{"@type":"SearchAction","target":{"@type":"EntryPoint","urlTemplate":"https:\/\/www.sicilybikeroutes.com\/?s={search_term_string}"},"query-input":{"@type":"PropertyValueSpecification","valueRequired":true,"valueName":"search_term_string"}}],"inLanguage":"it-IT"}]}},"jetpack_sharing_enabled":true,"jetpack_shortlink":"https:\/\/wp.me\/PdTjJW-1C","_links":{"self":[{"href":"https:\/\/www.sicilybikeroutes.com\/it\/wp-json\/wp\/v2\/pages\/100","targetHints":{"allow":["GET"]}}],"collection":[{"href":"https:\/\/www.sicilybikeroutes.com\/it\/wp-json\/wp\/v2\/pages"}],"about":[{"href":"https:\/\/www.sicilybikeroutes.com\/it\/wp-json\/wp\/v2\/types\/page"}],"author":[{"embeddable":true,"href":"https:\/\/www.sicilybikeroutes.com\/it\/wp-json\/wp\/v2\/users\/7"}],"replies":[{"embeddable":true,"href":"https:\/\/www.sicilybikeroutes.com\/it\/wp-json\/wp\/v2\/comments?post=100"}],"version-history":[{"count":0,"href":"https:\/\/www.sicilybikeroutes.com\/it\/wp-json\/wp\/v2\/pages\/100\/revisions"}],"wp:featuredmedia":[{"embeddable":true,"href":"https:\/\/www.sicilybikeroutes.com\/it\/wp-json\/wp\/v2\/media\/893"}],"wp:attachment":[{"href":"https:\/\/www.sicilybikeroutes.com\/it\/wp-json\/wp\/v2\/media?parent=100"}],"wp:term":[{"taxonomy":"post_tag","embeddable":true,"href":"https:\/\/www.sicilybikeroutes.com\/it\/wp-json\/wp\/v2\/tags?post=100"}],"curies":[{"name":"wp","href":"https:\/\/api.w.org\/{rel}","templated":true}]}}